{"id":1069,"date":"2021-01-11T12:05:56","date_gmt":"2021-01-11T11:05:56","guid":{"rendered":"https:\/\/natif.ai\/privacy-policy\/"},"modified":"2022-05-25T09:49:38","modified_gmt":"2022-05-25T07:49:38","slug":"datenschutzerklaerung","status":"publish","type":"page","link":"https:\/\/natifaiold.threeoax.com\/de\/datenschutzerklaerung\/","title":{"rendered":"Datenschutzerkl\u00e4rung"},"content":{"rendered":"[vc_row type=&#8220;full_width_background&#8220; full_screen_row_position=&#8220;middle&#8220; column_margin=&#8220;default&#8220; column_direction=&#8220;default&#8220; column_direction_tablet=&#8220;default&#8220; column_direction_phone=&#8220;default&#8220; bg_color=&#8220;#1f3cdf&#8220; scene_position=&#8220;center&#8220; top_padding=&#8220;200&#8243; bottom_padding=&#8220;100&#8243; top_padding_tablet=&#8220;110&#8243; bottom_padding_tablet=&#8220;60&#8243; top_padding_phone=&#8220;70&#8243; bottom_padding_phone=&#8220;70&#8243; text_color=&#8220;light&#8220; text_align=&#8220;left&#8220; row_border_radius=&#8220;none&#8220; row_border_radius_applies=&#8220;bg&#8220; enable_gradient=&#8220;true&#8220; color_overlay=&#8220;#3148c3&#8243; color_overlay_2=&#8220;#4fbfd5&#8243; overlay_strength=&#8220;1&#8243; gradient_direction=&#8220;left_to_right&#8220; shape_divider_position=&#8220;bottom&#8220; bg_image_animation=&#8220;none&#8220; shape_type=&#8220;&#8220;][vc_column column_padding=&#8220;no-extra-padding&#8220; column_padding_tablet=&#8220;inherit&#8220; column_padding_phone=&#8220;inherit&#8220; column_padding_position=&#8220;all&#8220; background_color_opacity=&#8220;1&#8243; background_hover_color_opacity=&#8220;1&#8243; font_color=&#8220;#ffffff&#8220; column_shadow=&#8220;none&#8220; column_border_radius=&#8220;none&#8220; column_link_target=&#8220;_self&#8220; gradient_direction=&#8220;left_to_right&#8220; overlay_strength=&#8220;0.3&#8243; width=&#8220;2\/3&#8243; tablet_width_inherit=&#8220;default&#8220; tablet_text_alignment=&#8220;default&#8220; phone_text_alignment=&#8220;default&#8220; column_border_width=&#8220;none&#8220; column_border_style=&#8220;solid&#8220; bg_image_animation=&#8220;none&#8220; offset=&#8220;vc_col-lg-offset-1 vc_col-lg-7&#8243;][split_line_heading animation_type=&#8220;default&#8220;]\n<h1>Privacy policy<\/h1>\n<p>&nbsp;<\/p>\n[\/split_line_heading][\/vc_column][\/vc_row][vc_row type=&#8220;in_container&#8220; full_screen_row_position=&#8220;middle&#8220; column_margin=&#8220;default&#8220; column_direction=&#8220;default&#8220; column_direction_tablet=&#8220;default&#8220; column_direction_phone=&#8220;default&#8220; scene_position=&#8220;center&#8220; top_padding=&#8220;150&#8243; bottom_padding=&#8220;150&#8243; top_padding_phone=&#8220;30&#8243; text_color=&#8220;dark&#8220; text_align=&#8220;left&#8220; row_border_radius=&#8220;none&#8220; row_border_radius_applies=&#8220;bg&#8220; overlay_strength=&#8220;0.3&#8243; gradient_direction=&#8220;left_to_right&#8220; shape_divider_position=&#8220;bottom&#8220; bg_image_animation=&#8220;none&#8220; shape_type=&#8220;&#8220;][vc_column column_padding=&#8220;no-extra-padding&#8220; column_padding_tablet=&#8220;inherit&#8220; column_padding_phone=&#8220;inherit&#8220; column_padding_position=&#8220;all&#8220; background_color_opacity=&#8220;1&#8243; background_hover_color_opacity=&#8220;1&#8243; column_shadow=&#8220;none&#8220; column_border_radius=&#8220;none&#8220; column_link_target=&#8220;_self&#8220; gradient_direction=&#8220;left_to_right&#8220; overlay_strength=&#8220;0.3&#8243; width=&#8220;1\/1&#8243; tablet_width_inherit=&#8220;default&#8220; tablet_text_alignment=&#8220;default&#8220; phone_text_alignment=&#8220;default&#8220; column_border_width=&#8220;none&#8220; column_border_style=&#8220;solid&#8220; bg_image_animation=&#8220;none&#8220; offset=&#8220;vc_col-lg-offset-1 vc_col-lg-10&#8243;][vc_column_text]\n<h2><strong>Datenschutzerkl\u00e4rung f\u00fcr unsere Homepage www.natif.ai<\/strong><\/h2>\n<p>Der Schutz Ihrer personenbezogenen Daten ist uns ein wichtiges Anliegen. Nachfolgend m\u00f6chten wir Sie daher ausf\u00fchrlich dar\u00fcber informieren, welche Daten bei Ihrem Besuch unseres Internetauftritts und der Nutzung unserer dortigen Angebote erhoben und wie diese von uns im Folgenden verarbeitet oder genutzt werden und welche Rechte Ihnen insoweit zustehen. Wir weisen darauf hin, dass internetbasierte Daten\u00fcbertragungen grunds\u00e4tzlich Sicherheitsl\u00fccken aufweisen k\u00f6nnen, sodass wir einen absoluten Schutz nicht gew\u00e4hrleisten k\u00f6nnen. Aus diesem Grund steht es jedem Betroffenen nat\u00fcrlich frei, personenbezogene Daten auch auf alternativen Wegen an uns zu \u00fcbermitteln. Ihre personenbezogenen Daten, so beispielsweise Ihr Name, Ihre Anschrift, E-Mail-Adresse oder Telefonnummer werden von uns dabei nur auf der Basis des gesetzlichen Datenschutzrechts, der EU-Datenschutzgrundverordnung (DSGVO), dem Bundesdatenschutzgesetz und dem Telemediengesetz (TMG) verarbeitet. Der Umfang der von uns erhobenen und verarbeiteten Daten unterscheidet sich danach, ob Sie unseren Internetauftritt nur zum Abruf von Informationen besuchen oder von uns angebotene Leistungen in Anspruch nehmen.<strong>\u00a0<\/strong><\/p>\n<h3>Name und Anschrift des f\u00fcr die Verarbeitung von personenbezogenen Daten Verantwortlichen<\/h3>\n<p>Verantwortlicher im Sinne der Datenschutzgrundverordnung ist:<br \/>\nnatif.ai GmbH<br \/>\nGesch\u00e4ftsf\u00fchrer: Manuel Zapp<br \/>\nCampus Starterzentrum Geb\u00e4ude A1 1<br \/>\n66123 Saarbr\u00fccken<br \/>\nDeutschland<br \/>\nTel: +49 170 237 222 4<br \/>\nEmail: <a href=\"mailto:contact@natif.ai\">contact@natif.ai<\/a><\/p>\n<h3>Wie erreichen Sie unseren Datenschutzbeauftragten?<\/h3>\n<p>Die Kontaktdaten unseres externen betrieblichen Datenschutzbeauftragten lauten: <a href=\"https:\/\/datenschutzbeauftragter-hamburg.de\/\">Mau\u00df Datenschutz GmbH<\/a>, Neuer Wall 10, 20354 Hamburg. Unseren Datenschutzbeauftragten erreichen Sie auf dem postalischen Weg (s. o.) oder unter Telefon: +49 40 999 99 52-0 sowie per E-Mail:\u00a0<a href=\"mailto:datenschutz@datenschutzbeauftragter-hamburg.de\">datenschutz@datenschutzbeauftragter-hamburg.de<\/a>.<\/p>\n<p><strong>Art der betroffenen personenbezogenen Daten\/ Zwecke der Verarbeitung<\/strong><\/p>\n<p>Zu den von uns zu verarbeitenden personenbezogenen Daten z\u00e4hlen Anrede, Name, Vorname, eine g\u00fcltige Email-Adresse, Anschrift und Telefonnummern, sowie alle personenbezogenen Daten, die sich aus von Ihnen \u00fcbermittelten Dokumenten ergeben \u2013 somit alle personenbezogenen Informationen, die wir ben\u00f6tigen, um unsere Vertragsleistungen f\u00fcr Sie erbringen zu k\u00f6nnen. Die Erhebung dieser Daten erfolgt, um Sie als unseren Kunden identifizieren zu k\u00f6nnen, um Ihren Kundenauftrag angemessen bearbeiten zu k\u00f6nnen, zur Korrespondenz mit Ihnen, zur Rechnungsstellung, zur Abwicklung von evtl. vorliegenden Anspr\u00fcchen sowie der Geltendmachung etwaiger Anspr\u00fcche gegen Sie. Die Nichtmitteilung von personenbezogenen Daten f\u00fchrt zur ggf. Nichtausf\u00fchrbarkeit des Auftrags.<\/p>\n<p>Die Datenverarbeitung erfolgt auf Ihre Anfrage hin und ist nach Art. 6 Abs. 1 lit. b DSGVO zu den genannten Zwecken f\u00fcr die angemessene Bearbeitung Ihrer Anfrage oder Bestellung und f\u00fcr die beidseitige Erf\u00fcllung von Verpflichtungen aus dem Vertrag erforderlich.<\/p>\n<p>Eine automatisierte Entscheidungsfindung (insbesondere Profiling) f\u00fchren wir nicht durch.<\/p>\n<p>Wir geben die Daten ggf. an unsere Partner weiter, sofern wir uns derer Leistungen zur Erf\u00fcllung unserer Vertragspflichten Ihnen gegen\u00fcber bedienen, wie zum Beispiel Hosting-Dienstleister externen Beratern (Buchhaltung\/ Steuerberatern) und \u00e4hnlichen. Die weitergegebenen Daten d\u00fcrfen von den Dritten ausschlie\u00dflich zu den genannten Zwecken verwendet werden. Die im Rahmen des Vertragsverh\u00e4ltnisses von uns verarbeiteten personenbezogenen Daten werden bis zur ordnungsgem\u00e4\u00dfen Vertragserf\u00fcllung einschlie\u00dflich der gesetzlichen Fristen zur M\u00e4ngelgew\u00e4hrleistung gespeichert und danach gel\u00f6scht, es sei denn, dass wir nach Artikel 6 Abs. 1 S. 1 lit. c DSGVO aufgrund von steuer- und handelsrechtlichen oder sonstigen gesetzlichen Aufbewahrungs- und Dokumentationspflichten (so z.B. aus HGB, StGB oder AO) zu einer l\u00e4ngeren Speicherung verpflichtet sind oder Sie in eine dar\u00fcber hinausgehende Speicherung nach Art. 6 Abs. 1 S. 1 lit. a DSGVO eingewilligt haben.<\/p>\n<p><strong>Eingesetzte Websitekomponenten<\/strong><\/p>\n<p>Serverdaten<\/p>\n<p>Nutzen sie unseren Internetauftritt aus rein informatorischen Zwecken, so werden grunds\u00e4tzlich keine personenbezogenen Daten erhoben. Dabei werden nur die Daten erhoben und verarbeitet, die ihr Internetbrowser automatisch \u00fcbermittelt, wie:<\/p>\n<ul>\n<li>Browsertyp<\/li>\n<li>Datum und Uhrzeit des Abrufs<\/li>\n<li>Browsereinstellungen<\/li>\n<li>Das verwendete Betriebssystem<\/li>\n<li>Website von der aus Sie uns besuchen und die Website, die Sie besuchen<\/li>\n<li>Ihre IP-Adresse<\/li>\n<\/ul>\n<p>Diese Informationen werden von uns aus Sicherheitsgr\u00fcnden in Logfiles gespeichert und nach 7 Tagen automatisch gel\u00f6scht. Die in den Logfiles vorhandenen Daten werden getrennt von anderen Daten von Ihnen gespeichert.<\/p>\n<p>Eine l\u00e4ngere Speicherung erfolgt nur im begr\u00fcndeten Einzelfall (z.B. bei Missbrauchs- oder Betrugsverdacht oder bei Angriffen auf unseren Webserver). In diesen F\u00e4llen werden die jeweiligen Logfiles so lange gespeichert, bis der Sachverhalt gekl\u00e4rt ist und die sich daraus ergebenden Ma\u00dfnahmen abgeschlossen sind.<\/p>\n<p>Um Ihnen unsere Webseiten und die dar\u00fcber erbrachten Dienste bereitstellen zu k\u00f6nnen, setzen wir einen Dienstleister ein (Webhoster), welcher Ihre Daten in unserem Auftrag und ausschlie\u00dflich gem\u00e4\u00df unseren Weisungen verarbeitet<\/p>\n<p>ALL-INKL.COM &#8211; Neue Medien M\u00fcnnich<br \/>\nHauptstra\u00dfe 68<br \/>\n02742 Friedersdorf<\/p>\n<p>Rechtsgrundlage f\u00fcr die Verarbeitung Ihrer Daten ist Art. 6 Abs. 1 lit. f DSGVO. Wir haben ein berechtigtes Interesse daran, Ihre Daten zu verarbeiten, damit wir Ihnen unsere Webseiten und die dar\u00fcber erbrachten Dienste technisch einwandfrei, sicher und f\u00fcr Ihre Bed\u00fcrfnisse optimiert anbieten k\u00f6nnen. Dar\u00fcber hinaus ist unser weiteres berechtigtes Interesse, Betrugsversuche oder Angriffe auf unsere Webseiten zu erkennen und abzuwehren.<\/p>\n<h3>Nutzung eines extern gehosteten Tools zur Einholung und Verwaltung von Einwilligungen<\/h3>\n<p>Wir verwenden auf unseren Webseiten unterschiedliche Tools und Technologien, einschlie\u00dflich Cookies, f\u00fcr deren Betrieb wir Ihre Einwilligung ben\u00f6tigen.<\/p>\n<p>F\u00fcr die Einholung und Verwaltung Ihrer Einwilligungen verwenden wir einen sog. Consent Manager. Wir nutzen konkret das Produkt BorlabsCookie (Borlabs &#8211; Benjamin A. Bornschein, R\u00fcbenkamp 32, 22305 Hamburg, https:\/\/de.borlabs.io\/datenschutz\/)<\/p>\n<p>Der Consent Manager setzt technisch notwendige Cookies ein, um Ihre Einwilligungen zu speichern. Die Speicherdauer dieser Cookies k\u00f6nnen Sie den Informationen im Consent Manager entnehmen.<\/p>\n<p>S\u00e4mtliche Einwilligungen f\u00fcr die von uns genutzten Tools und Technologien k\u00f6nnen Sie uns im Consent Manager geben und dort auch jederzeit widerrufen. Der Consent Manager wird Ihnen beim ersten Aufruf unserer Webseiten automatisch angezeigt. Dar\u00fcber hinaus k\u00f6nnen Sie ihn jederzeit erneut \u00f6ffnen, indem Sie auf den Link am Ende der Datenschutzerkl\u00e4rung klicken. Alle notwendigen Details bez\u00fcglich genutzter Cookies bzw. einwilligungspflichtiger Tools und Technologien finden Sie im Consent Manager.<\/p>\n<p>Die Rechtsgrundlage f\u00fcr den Einsatz des Consent Managers ist unsere rechtliche Verpflichtung, nachweisen zu k\u00f6nnen, welche Art der Einwilligung Sie uns gegeben haben (Art. 6 Abs. 1 lit c DSGVO). Die Entscheidung, einen externen Anbieter einzusetzen, basiert auf unserem berechtigten Interesse (Art. 6 Abs. 1 lit. f DSGVO), eine moderne, sichere und zugleich kosteng\u00fcnstige L\u00f6sung einzusetzen.\u00a0<\/p>\n<h3>Speicherung und Abruf von Daten auf Ihrem Endger\u00e4t<\/h3>\n<p>Um die von Ihnen gew\u00fcnschten Funktionalit\u00e4ten inklusive der Bereitstellung der Webseite zu erbringen, speichern wir im Einklang mit \u00a7 25 TTDSG Daten in Ihrem Browser ab und lesen diese auch wieder aus. Hierf\u00fcr nutzen wir sog. Cookies sowie den Sitzungsspeicher und den lokalen Speicher des Browsers. Ohne diese Speicherung und den Wiederabruf der Daten funktioniert unsere Webseite nicht korrekt.<\/p>\n<p>Rechtsgrundlage f\u00fcr die Speicherung in und den Abruf von Daten aus Ihrem Browser ist unser berechtigtes Interesse gem. Art. 6 Abs. 1 lit. f DSGVO i. V. m. \u00a7 25 TTDSG, unsere Webseiten ansprechend und sicher umzusetzen sowie Ihren W\u00fcnschen in Bezug auf die Bedienbarkeit und Funktionalit\u00e4ten der Seiten nachzukommen.<\/p>\n<p>Alle weiteren Informationen zu dieser Art von Datenspeicherung und -abruf finden Sie im Consent Manager (s. vorherigen Abschnitt), welchen Sie am Ende der Datenschutzerkl\u00e4rung durch klicken auf den entsprechenden Link aufrufen k\u00f6nnen.<\/p>\n<p><strong>Abonnement, Versand und Empfang unseres Newsletters<\/strong><\/p>\n<p>Wenn Sie sich f\u00fcr unsereren E-Mail-Newsletter anmelden, werden bis zu Ihrem Widerruf die von Ihnen angegebenen Daten f\u00fcr die Erstellung und den Versand der Newsletter sowie f\u00fcr den Nachweis der Anmeldung zu dem Newsletter verarbeitet. Rechtsgrundlage der Verarbeitung ist Art. 6 Abs. 1 lit. a DSGVO. Sie k\u00f6nnen Ihre Einwilligung jederzeit durch eine Abmeldung von dem Newsletter widerrufen. Einen entsprechenden Link finden Sie am Ende eines jeden Newsletters. Dies gilt auch f\u00fcr den Wider-ruf von Einwilligungserkl\u00e4rungen, die vor der Geltung der DSGVO, also vor dem 25. Mai 2018, uns gegen\u00fcber erteilt worden sind. Bitte beachten Sie, dass der Widerruf ausschlie\u00dflich f\u00fcr die Zukunft wirkt. Verarbeitungen, die vor dem Widerruf erfolgt sind, sind davon nicht betroffen.<\/p>\n<p>Bez\u00fcglich der weiteren Rechte als betroffener Person verweisen wir Sie auf unsere Ausf\u00fchrungen weiter unten.<\/p>\n<p>F\u00fcr den Empfang des Newsletters m\u00fcssen Sie auf den Best\u00e4tigungslink in der Verifizierungsemail klicken, die wir Ihnen nach Ihrer Anmeldung \u00fcbersenden, um Ihre Einwilligung nachweisen zu k\u00f6nnen. Mit einem Klick auf den entsprechenden Link speichern wir die \u00f6ffentliche IP-Adresse des Internetanschlusses, von dem der Link aufgerufen wird, gemeinsam mit Datum und Uhrzeit des Klicks. Wir verarbeiten diese Daten, um den Nachweis erbringen zu k\u00f6nnen, dass Sie den Empfang unseres E-Mail-Newsletters best\u00e4tigt haben. Rechtsgrundlage dieser Speicherung ist Art. 6 Abs. 1 lit. c DSGVO.<\/p>\n<p>Wir l\u00f6schen Ihre Daten mit Abmeldung vom Newsletter. Die Daten, welche wir als Nachweis ben\u00f6tigen, dass Sie der \u00dcbersendung des Newsletters zugestimmt hatten, l\u00f6schen wir nach Ablauf der Verj\u00e4hrungsfrist f\u00fcr entsprechende Nachweispflichten.<\/p>\n<h3>F\u00fcr die Versendung von Emails und Newsletter setzen wir folgenden Dienstleister ein, der Ihre Daten aus-schlie\u00dflich in unserem Auftrag sowie gem\u00e4\u00df unserer Weisungen verarbeitet:<\/h3>\n<p>Sendinblue GmbH<br \/>\nK\u00f6penicker Stra\u00dfe 126<br \/>\n10179 Berlin<\/p>\n<h3>Kontaktformular<\/h3>\n<p>Sie k\u00f6nnen mit uns \u00fcber das Formular auf unserer Website, in Kontakt treten. Dies geschieht zum Zwecke der R\u00fcckrufbitte, Angebotserstellung, Bewerbung oder allgemeinen Kontaktaufnahme. Mit der \u00dcbermittlung Ihrer Daten willigen Sie in die Verarbeitung dieser Daten durch uns ein. Dies geschieht, um Ihre Anfragen bearbeiten zu k\u00f6nnen, soweit dies zur Beantwortung der Kontaktanfragen und etwaiger angefragter Ma\u00dfnahmen erforderlich ist. Bei den dabei verarbeiteten Daten handelt es sich um:<\/p>\n<p>Ihren Namen, E-Mailadresse sowie der Text Ihrer Anfrage. Optional auch ihre Telefonnummer.<\/p>\n<p>Rechtsgrundlage f\u00fcr die Verarbeitung Ihrer Daten im Rahmen einer Kontaktaufnahme mit uns ist Art. 6 Abs. 1 lit. a DSGVO, Ihre Einwilligung. Sofern Sie sich bei uns bewerben, ist die Rechtsgrundlage \u00a7 26 BDSG und dient zur Begr\u00fcndung eines Besch\u00e4ftigungsverh\u00e4ltnisses.<\/p>\n<p>Etwas anderes gilt nur dann, wenn der Inhalt Ihrer Kontaktaufnahmen unmittelbar dazu dient, eine zwischen Ihnen und uns bestehende Vertragsbeziehung anzubahnen oder durchzuf\u00fchren. In diesen F\u00e4llen st\u00fctzen wir die Verarbeitung Ihrer Daten auf Art. 6 Abs. 1 lit. b DSGVO.<\/p>\n<p>Ihre Daten werden gel\u00f6scht, sobald sie nicht mehr erforderlich sind und keinen gesetzlichen Aufbewahrungspflichten unterliegen oder Sie Ihre Einwilligung widerrufen.<\/p>\n<h3>M\u00f6glichkeit des Upload von Dokumenten<\/h3>\n<p>Auf unserer Internetseite bieten wir Ihnen die M\u00f6glichkeit an, Dokumente (z.B. Rechnungen) hochzuladen. Im Falle ihrer Nutzung der o.g. Uploadm\u00f6glichkeit werden die von Ihnen hochgeladenen Dokumente samt den darin ggf. enthaltenen personenbezogenen Daten zum Zwecke der Bearbeitung ihrer Anfrage und zum Zwecke des Trainings unserer Berechnungsmodelle gespeichert. Eine Weitergabe an Dritte erfolgt nicht. Rechtsgrundlage f\u00fcr die Verarbeitung ist insoweit Art. 6 Abs. 1 b, f. DSGVO.<\/p>\n<h3>Ihre Rechte<\/h3>\n<p>Wenn Sie von einem Ihnen zustehenden Recht Gebrauch machen m\u00f6chten, wenden Sie sie bitte an uns als Verantwortlichen unter den oben angegebenen Kontaktdaten oder nutzen Sie eine der anderen von uns angebotenen Arten uns diese Mitteilung zukommen zu lassen.<\/p>\n<h3>Recht auf Auskunft<\/h3>\n<p>Nach Art. 15 DSGVO haben Sie das Recht, von uns eine Best\u00e4tigung dar\u00fcber zu verlangen, ob durch uns Sie betreffende personenbezogene Daten verarbeitet werden. Wenn dies der Fall ist, so haben Sie ein Recht auf Auskunft \u00fcber diese personenbezogenen Daten und auf weitergehende Informationen, die in Art. 15 DSGVO genannt sind.<\/p>\n<h3>Recht auf Berichtigung\/Erg\u00e4nzung<\/h3>\n<p>Nach Art. 16 DSGVO haben Sie das Recht, von uns unverz\u00fcglich die Berichtigung unrichtiger personenbezogener Daten zu verlangen, die Sie betreffen. Unter Ber\u00fccksichtigung der Zwecke der Verarbeitung haben Sie ferner das Recht, die Vervollst\u00e4ndigung unvollst\u00e4ndiger personenbezogener Daten \u2013 auch mittels einer erg\u00e4nzenden Erkl\u00e4rung \u2013 zu verlangen.<\/p>\n<h3>Recht auf L\u00f6schung<\/h3>\n<p>Sie haben das Recht von uns zu verlangen, dass Sie betreffende personenbezogene Daten unverz\u00fcglich gel\u00f6scht werden. Wir sind verpflichtet, personenbezogene Daten unverz\u00fcglich zu l\u00f6schen, sofern die entsprechenden Voraussetzungen des Art. 17 DSGVO vorliegen. Wegen der Einzelheiten verweisen wir auf Art. 17 DSGVO.<\/p>\n<h3>Recht auf Einschr\u00e4nkung der Verarbeitung<\/h3>\n<p>Nach Ma\u00dfgabe des Art. 18 DSGVO haben Sie unter bestimmten Voraussetzungen das Recht, von uns die Einschr\u00e4nkung der Verarbeitung Ihrer personenbezogenen Daten zu verlangen.<\/p>\n<h3>Recht auf Daten\u00fcbertragbarkeit<\/h3>\n<p>Nach Art 20 DSGVO haben Sie das Recht, die Sie betreffenden personenbezogenen Daten, die Sie uns bereitgestellt haben, in einem strukturierten, g\u00e4ngigen und maschinenlesbaren Format zu erhalten, und Sie haben das Recht, diese Daten einem anderen Verantwortlichen ohne Behinderung durch uns zu \u00fcbermitteln, sofern die Verarbeitung auf einer Einwilligung gem\u00e4\u00df Artikel 6 Abs. 1 lit. a DSGVO oder Artikel 9 Abs. 2 lit. a DSGVO der auf einem Vertrag gem\u00e4\u00df Artikel 6 Abs. 1 lit. b DSGVO beruht und die Verarbeitung mithilfe automatisierter Verfahren erfolgt.<\/p>\n<h3>Recht auf Widerruf einer Einwilligung<\/h3>\n<p>Gem. Art. 7 DSGVO haben Sie das Recht, eine erteilte Einwilligung jederzeit und ohne Begr\u00fcndung zu widerrufen. Bitte beachten Sie, dass ein Widerruf ausschlie\u00dflich f\u00fcr die Zukunft gilt und die Rechtm\u00e4\u00dfigkeit in der Vergangenheit durchgef\u00fchrter Verarbeitungen nicht ber\u00fchrt wird.<\/p>\n<h3>Widerspruchsrecht<\/h3>\n<p>Nach Art. 21 DSGVO haben Sie das Recht gegen die Verarbeitung Sie betreffender personenbezogener Daten, die auf Grundlage von Artikel 6 Abs. 1 litt. e oder f DSGVO erfolgt, Widerspruch einzulegen; dies gilt auch f\u00fcr ein auf diese Bestimmungen gest\u00fctztes Profiling.<\/p>\n<p>Sofern wir Ihre personenbezogenen Daten verarbeiten, um Direktwerbung zu betreiben, haben Sie jederzeit das Recht, gegen die Verarbeitung sie betreffender personenbezogener Daten zum Zwecke derartiger Werbung Widerspruch einzulegen; dies gilt auch f\u00fcr das Profiling, soweit es mit solcher Direktwerbung in Verbindung steht.<\/p>\n<h3>Beschwerderecht<\/h3>\n<p>Sie haben nach Art. 77 DSGVO unbeschadet eines anderweitigen verwaltungsrechtlichen oder gerichtlichen Rechtsbehelfs das Recht, sich bei der Aufsichtsbeh\u00f6rde zu beschweren. Dieses Recht besteht insbesondere in dem Mitgliedstaat ihres Aufenthaltsorts, ihres Arbeitsplatzes oder des Orts des mutma\u00dflichen Versto\u00dfes, wenn Sie der Ansicht sind, dass die Verarbeitung der Sie betreffenden personenbezogenen Daten gegen die DSGVO verst\u00f6\u00dft.<\/p>\n<h3>\u00c4nderungsvorbehalt<\/h3>\n<p>Wir behalten uns das Recht vor, jederzeit die Sicherheits- und Datenschutzma\u00dfnahmen zu ver\u00e4ndern, insbesondere soweit dies aufgrund der technischen Entwicklung erforderlich wird. In diesen F\u00e4llen werden wir ggf. auch diese Hinweise zum Datenschutz entsprechend anpassen. Bitte beachten Sie daher die jeweils aktuelle Version dieser Datenschutzhinweise.<\/p>\n[\/vc_column_text][\/vc_column][\/vc_row][vc_row type=&#8220;in_container&#8220; full_screen_row_position=&#8220;middle&#8220; column_margin=&#8220;default&#8220; column_direction=&#8220;default&#8220; column_direction_tablet=&#8220;default&#8220; column_direction_phone=&#8220;default&#8220; scene_position=&#8220;center&#8220; text_color=&#8220;dark&#8220; text_align=&#8220;left&#8220; row_border_radius=&#8220;none&#8220; row_border_radius_applies=&#8220;bg&#8220; id=&#8220;change-cookie-settings&#8220; overlay_strength=&#8220;0.3&#8243; gradient_direction=&#8220;left_to_right&#8220; shape_divider_position=&#8220;bottom&#8220; bg_image_animation=&#8220;none&#8220; shape_type=&#8220;&#8220;][vc_column column_padding=&#8220;no-extra-padding&#8220; column_padding_tablet=&#8220;inherit&#8220; column_padding_phone=&#8220;inherit&#8220; column_padding_position=&#8220;all&#8220; background_color_opacity=&#8220;1&#8243; background_hover_color_opacity=&#8220;1&#8243; column_shadow=&#8220;none&#8220; column_border_radius=&#8220;none&#8220; column_link_target=&#8220;_self&#8220; gradient_direction=&#8220;left_to_right&#8220; overlay_strength=&#8220;0.3&#8243; width=&#8220;1\/1&#8243; tablet_width_inherit=&#8220;default&#8220; tablet_text_alignment=&#8220;default&#8220; phone_text_alignment=&#8220;default&#8220; column_border_width=&#8220;none&#8220; column_border_style=&#8220;solid&#8220; bg_image_animation=&#8220;none&#8220; offset=&#8220;vc_col-lg-offset-1 vc_col-lg-10&#8243;][vc_column_text]\n<h2>Cookie Einstellungen<\/h2>\n<a href=\"#\" class=\"_brlbs-btn-cookie-preference borlabs-cookie-preference\">Change Cookie Settings<\/a>\n[\/vc_column_text][\/vc_column][\/vc_row]\n","protected":false},"excerpt":{"rendered":"<p>[vc_row type=&#8220;full_width_background&#8220; full_screen_row_position=&#8220;middle&#8220; column_margin=&#8220;default&#8220; column_direction=&#8220;default&#8220; column_direction_tablet=&#8220;default&#8220; column_direction_phone=&#8220;default&#8220; bg_color=&#8220;#1f3cdf&#8220; scene_position=&#8220;center&#8220; top_padding=&#8220;200&#8243; bottom_padding=&#8220;100&#8243; top_padding_tablet=&#8220;110&#8243; bottom_padding_tablet=&#8220;60&#8243; top_padding_phone=&#8220;70&#8243; bottom_padding_phone=&#8220;70&#8243; text_color=&#8220;light&#8220; text_align=&#8220;left&#8220; row_border_radius=&#8220;none&#8220; row_border_radius_applies=&#8220;bg&#8220; enable_gradient=&#8220;true&#8220; color_overlay=&#8220;#3148c3&#8243; color_overlay_2=&#8220;#4fbfd5&#8243; overlay_strength=&#8220;1&#8243; gradient_direction=&#8220;left_to_right&#8220; shape_divider_position=&#8220;bottom&#8220;&#8230;<\/p>\n","protected":false},"author":1,"featured_media":0,"parent":0,"menu_order":0,"comment_status":"closed","ping_status":"open","template":"","meta":{"content-type":"","inline_featured_image":false,"footnotes":""},"class_list":["post-1069","page","type-page","status-publish"],"acf":[],"_links":{"self":[{"href":"https:\/\/natifaiold.threeoax.com\/de\/wp-json\/wp\/v2\/pages\/1069","targetHints":{"allow":["GET"]}}],"collection":[{"href":"https:\/\/natifaiold.threeoax.com\/de\/wp-json\/wp\/v2\/pages"}],"about":[{"href":"https:\/\/natifaiold.threeoax.com\/de\/wp-json\/wp\/v2\/types\/page"}],"author":[{"embeddable":true,"href":"https:\/\/natifaiold.threeoax.com\/de\/wp-json\/wp\/v2\/users\/1"}],"replies":[{"embeddable":true,"href":"https:\/\/natifaiold.threeoax.com\/de\/wp-json\/wp\/v2\/comments?post=1069"}],"version-history":[{"count":8,"href":"https:\/\/natifaiold.threeoax.com\/de\/wp-json\/wp\/v2\/pages\/1069\/revisions"}],"predecessor-version":[{"id":1655,"href":"https:\/\/natifaiold.threeoax.com\/de\/wp-json\/wp\/v2\/pages\/1069\/revisions\/1655"}],"wp:attachment":[{"href":"https:\/\/natifaiold.threeoax.com\/de\/wp-json\/wp\/v2\/media?parent=1069"}],"curies":[{"name":"wp","href":"https:\/\/api.w.org\/{rel}","templated":true}]}}