{"id":1658,"date":"2022-06-13T13:30:14","date_gmt":"2022-06-13T11:30:14","guid":{"rendered":"https:\/\/natif.ai\/?page_id=1658"},"modified":"2022-08-10T14:32:04","modified_gmt":"2022-08-10T12:32:04","slug":"dsgvo-compliance-by-design","status":"publish","type":"page","link":"https:\/\/natifaiold.threeoax.com\/de\/dsgvo-compliance-by-design\/","title":{"rendered":"DSGVO-Compliance by design"},"content":{"rendered":"[vc_row type=&#8220;full_width_background&#8220; full_screen_row_position=&#8220;middle&#8220; column_margin=&#8220;default&#8220; equal_height=&#8220;yes&#8220; content_placement=&#8220;middle&#8220; column_direction=&#8220;default&#8220; column_direction_tablet=&#8220;default&#8220; column_direction_phone=&#8220;default&#8220; bg_color=&#8220;#2c4a9a&#8220; scene_position=&#8220;center&#8220; top_padding=&#8220;170&#8243; bottom_padding=&#8220;150&#8243; top_padding_phone=&#8220;90&#8243; bottom_padding_phone=&#8220;90&#8243; text_color=&#8220;light&#8220; text_align=&#8220;left&#8220; row_border_radius=&#8220;none&#8220; row_border_radius_applies=&#8220;bg&#8220; enable_gradient=&#8220;true&#8220; color_overlay=&#8220;#3148c3&#8243; color_overlay_2=&#8220;#4fbfd5&#8243; overlay_strength=&#8220;1&#8243; gradient_direction=&#8220;left_to_right&#8220; shape_divider_position=&#8220;bottom&#8220; bg_image_animation=&#8220;none&#8220; shape_type=&#8220;&#8220;][vc_column column_padding=&#8220;no-extra-padding&#8220; column_padding_tablet=&#8220;inherit&#8220; column_padding_phone=&#8220;inherit&#8220; column_padding_position=&#8220;all&#8220; column_element_spacing=&#8220;default&#8220; background_color_opacity=&#8220;1&#8243; background_hover_color_opacity=&#8220;1&#8243; column_shadow=&#8220;none&#8220; column_border_radius=&#8220;none&#8220; column_link_target=&#8220;_self&#8220; gradient_direction=&#8220;left_to_right&#8220; overlay_strength=&#8220;0.3&#8243; width=&#8220;1\/2&#8243; tablet_width_inherit=&#8220;default&#8220; tablet_text_alignment=&#8220;default&#8220; phone_text_alignment=&#8220;default&#8220; bg_image_animation=&#8220;none&#8220; border_type=&#8220;simple&#8220; column_border_width=&#8220;none&#8220; column_border_style=&#8220;solid&#8220; offset=&#8220;vc_col-lg-offset-1 vc_col-lg-5&#8243;][vc_row_inner column_margin=&#8220;default&#8220; column_direction=&#8220;default&#8220; column_direction_tablet=&#8220;default&#8220; column_direction_phone=&#8220;default&#8220; text_align=&#8220;left&#8220;][vc_column_inner column_padding=&#8220;no-extra-padding&#8220; column_padding_tablet=&#8220;inherit&#8220; column_padding_phone=&#8220;inherit&#8220; column_padding_position=&#8220;bottom&#8220; column_element_spacing=&#8220;default&#8220; background_color_opacity=&#8220;1&#8243; background_hover_color_opacity=&#8220;1&#8243; column_shadow=&#8220;none&#8220; column_border_radius=&#8220;none&#8220; column_link_target=&#8220;_self&#8220; gradient_direction=&#8220;left_to_right&#8220; overlay_strength=&#8220;0.3&#8243; width=&#8220;1\/1&#8243; tablet_width_inherit=&#8220;default&#8220; bg_image_animation=&#8220;none&#8220; border_type=&#8220;simple&#8220; column_border_width=&#8220;none&#8220; column_border_style=&#8220;solid&#8220;][vc_column_text css_animation=&#8220;fadeInUp&#8220; css=&#8220;.vc_custom_1655118573877{margin-bottom: 10px !important;}&#8220;]\n<h5><strong>Dokumentenverarbeitung Made in Germany<\/strong><\/h5>\n[\/vc_column_text][split_line_heading animation_type=&#8220;line-reveal-by-space&#8220; font_style=&#8220;h1&#8243; content_alignment=&#8220;default&#8220; mobile_content_alignment=&#8220;inherit&#8220; text_content=&#8220;OCR und Datenschutz passt sicher!&#8220; max_width=&#8220;475&#8243;][\/split_line_heading][\/vc_column_inner][\/vc_row_inner][vc_row_inner column_margin=&#8220;default&#8220; column_direction=&#8220;default&#8220; column_direction_tablet=&#8220;default&#8220; column_direction_phone=&#8220;default&#8220; text_align=&#8220;left&#8220;][vc_column_inner column_padding=&#8220;no-extra-padding&#8220; column_padding_tablet=&#8220;inherit&#8220; column_padding_phone=&#8220;inherit&#8220; column_padding_position=&#8220;right&#8220; column_element_spacing=&#8220;default&#8220; background_color_opacity=&#8220;1&#8243; background_hover_color_opacity=&#8220;1&#8243; column_shadow=&#8220;none&#8220; column_border_radius=&#8220;none&#8220; column_link_target=&#8220;_self&#8220; gradient_direction=&#8220;left_to_right&#8220; overlay_strength=&#8220;0.3&#8243; width=&#8220;1\/1&#8243; tablet_width_inherit=&#8220;default&#8220; bg_image_animation=&#8220;none&#8220; enable_animation=&#8220;true&#8220; animation=&#8220;fade-in-from-bottom&#8220; border_type=&#8220;simple&#8220; column_border_width=&#8220;none&#8220; column_border_style=&#8220;solid&#8220;][nectar_cta btn_style=&#8220;arrow-animation&#8220; heading_tag=&#8220;h4&#8243; text_color=&#8220;#ffffff&#8220; button_color=&#8220;extra-color-gradient-1&#8243; link_type=&#8220;regular&#8220; alignment=&#8220;left&#8220; alignment_tablet=&#8220;default&#8220; alignment_phone=&#8220;default&#8220; display=&#8220;block&#8220; link_text=&#8220;Sprechen Sie mit einem Experten&#8220; margin_top=&#8220;30&#8243; padding_top=&#8220;20&#8243; padding_right=&#8220;40&#8243; padding_bottom=&#8220;20&#8243; padding_left=&#8220;40&#8243;][\/vc_column_inner][\/vc_row_inner][\/vc_column][vc_column column_padding=&#8220;padding-4-percent&#8220; column_padding_tablet=&#8220;inherit&#8220; column_padding_phone=&#8220;inherit&#8220; column_padding_position=&#8220;top-bottom&#8220; column_element_spacing=&#8220;default&#8220; background_color_opacity=&#8220;1&#8243; background_hover_color_opacity=&#8220;1&#8243; column_shadow=&#8220;none&#8220; column_border_radius=&#8220;none&#8220; column_link_target=&#8220;_self&#8220; gradient_direction=&#8220;left_to_right&#8220; overlay_strength=&#8220;0.3&#8243; width=&#8220;1\/2&#8243; tablet_width_inherit=&#8220;default&#8220; tablet_text_alignment=&#8220;default&#8220; phone_text_alignment=&#8220;default&#8220; bg_image_animation=&#8220;none&#8220; enable_animation=&#8220;true&#8220; animation=&#8220;fade-in-from-left&#8220; border_type=&#8220;simple&#8220; column_border_width=&#8220;none&#8220; column_border_style=&#8220;solid&#8220;][image_with_animation image_url=&#8220;1663&#8243; animation=&#8220;Fade In&#8220; hover_animation=&#8220;none&#8220; alignment=&#8220;&#8220; border_radius=&#8220;none&#8220; box_shadow=&#8220;none&#8220; image_loading=&#8220;default&#8220; max_width=&#8220;100%&#8220; max_width_mobile=&#8220;default&#8220;][\/vc_column][\/vc_row][vc_row type=&#8220;full_width_background&#8220; full_screen_row_position=&#8220;middle&#8220; column_margin=&#8220;default&#8220; equal_height=&#8220;yes&#8220; content_placement=&#8220;middle&#8220; column_direction=&#8220;default&#8220; column_direction_tablet=&#8220;default&#8220; column_direction_phone=&#8220;default&#8220; scene_position=&#8220;center&#8220; top_padding=&#8220;3%&#8220; constrain_group_1=&#8220;yes&#8220; bottom_padding=&#8220;3%&#8220; top_padding_tablet=&#8220;20%&#8220; bottom_padding_tablet=&#8220;20%&#8220; top_padding_phone=&#8220;20%&#8220; bottom_padding_phone=&#8220;20%&#8220; text_color=&#8220;dark&#8220; text_align=&#8220;left&#8220; row_border_radius=&#8220;none&#8220; row_border_radius_applies=&#8220;bg&#8220; overlay_strength=&#8220;0.8&#8243; gradient_direction=&#8220;left_to_right&#8220; shape_divider_position=&#8220;bottom&#8220; bg_image_animation=&#8220;none&#8220; shape_type=&#8220;&#8220;][vc_column column_padding=&#8220;padding-5-percent&#8220; column_padding_tablet=&#8220;inherit&#8220; column_padding_phone=&#8220;inherit&#8220; column_padding_position=&#8220;top&#8220; column_element_spacing=&#8220;default&#8220; background_color_opacity=&#8220;1&#8243; background_hover_color_opacity=&#8220;1&#8243; column_shadow=&#8220;none&#8220; column_border_radius=&#8220;none&#8220; column_link_target=&#8220;_self&#8220; gradient_direction=&#8220;left_to_right&#8220; overlay_strength=&#8220;0.3&#8243; width=&#8220;1\/1&#8243; tablet_width_inherit=&#8220;default&#8220; tablet_text_alignment=&#8220;default&#8220; phone_text_alignment=&#8220;default&#8220; bg_image_animation=&#8220;none&#8220; border_type=&#8220;simple&#8220; column_border_width=&#8220;none&#8220; column_border_style=&#8220;solid&#8220; offset=&#8220;vc_col-lg-offset-1 vc_col-lg-10&#8243;][heading]\n<h2>Datenschutz\u00ad\u00adbeauftrage lieben uns<\/h2>\n[\/heading][vc_column_text css=&#8220;.vc_custom_1656517578799{padding-bottom: 15px !important;}&#8220;]Das liegt daran, dass die Datenschutzbeauftragten unserer Kunden unglaublich wenig Aufwand mit uns haben. Wir haben die DSGVO sozusagen im Blut und geben alles, damit nicht nur die Verarbeitungen so datenschutzfreundlich wie m\u00f6glich ablaufen, sondern auch das Vertragliche rund l\u00e4uft.[\/vc_column_text][toggles style=&#8220;default&#8220;][toggle color=&#8220;Default&#8220; title=&#8220;Wir sitzen nicht in einem Drittstaat&#8220;][vc_column_text]Wir geh\u00f6ren zu keinem Konzern, der in einem Drittstaat sitzt. Wir nutzen im Rahmen unserer Plattform keine Dienstleister in einem Drittstaat.[\/vc_column_text][\/toggle][toggle color=&#8220;Default&#8220; title=&#8220;keine Datentransfers irgendeiner Art&#8220;][vc_column_text]Im Rahmen der Nutzung unserer Plattform finden keine Datentransfers irgendeiner Art in einen Drittstaat statt. Damit werden keine sog. zus\u00e4tzlichen Garantien gem. DSGVO ben\u00f6tigt. Eine einfache Vereinbarung zur Auftragsverarbeitung reicht aus. Und auch diese schlie\u00dfen Sie bereits durch unsere AGB mit ab, es entsteht also kein Aufwand f\u00fcr Sie.[\/vc_column_text][\/toggle][toggle color=&#8220;Default&#8220; title=&#8220;Keine Transfer-Impact Assessments n\u00f6tig&#8220;][vc_column_text]Dadurch, dass wir als Unternehmen keinerlei Drittstaaten-Hintergrund haben und im Rahmen unserer Plattform auch keine Dienstleister mit einem solchen nutzen, entf\u00e4llt nicht nur der Aufwand f\u00fcr die zus\u00e4tzlichen Garantien. Sie als Verantwortlicher k\u00f6nnen sich auch das ansonsten notwendige Transfer-Impact Assessment (TIA) sparen.[\/vc_column_text][\/toggle][toggle color=&#8220;Default&#8220; title=&#8220;Kein Risiko f\u00fcr die betroffenen Personen&#8220;][vc_column_text]Die \u00f6sterreichische Datenschutzaufsicht hatte im Februar 2022 am Beispiel Google-Analytics Entschieden, dass bei Drittstaaten-Transfers jegliches durch diesen Transfer und den daraus resultierenden M\u00f6glichkeiten im Empf\u00e4ngerland entstehende Risiko ausgeschlossen werden muss. Ohne Drittstaaten-Transfers brauchen Sie sich dar\u00fcber keine Gedanken zu machen.<\/p>\n<p>\u2026 ok. Nicht, dass wir Ihre*n Datenschutzbeauftragte*n noch \u00fcberfl\u00fcssig machen \u2026[\/vc_column_text][\/toggle][toggle color=&#8220;Default&#8220; title=&#8220;DSGVO-Compliance by design&#8220;][vc_column_text]Beim Design unserer Abl\u00e4ufe haben wir stets darauf geachtet, die unabdingbaren Prinzipien der DSGVO von Beginn an in unsere Algorithmen zu integrieren: Privacy by Default und Privacy by Design und die vielf\u00e4ltigen Anforderungen des Art. 5 DSGVO sind in alle unsere Designentscheidungen eingeflossen. Resultat ist, dass die verarbeiteten Daten zum fr\u00fchest m\u00f6glichen Zeitpunkt aggregiert oder anonymisiert werden. Daten, die nicht ben\u00f6tigt werden, werden auch nicht verarbeitet. Alle personenbezogenen Daten k\u00f6nnen von unseren Auftraggebern jederzeit gel\u00f6scht werden.[\/vc_column_text][\/toggle][toggle color=&#8220;Default&#8220; title=&#8220;Vereinbarung zur Auftragsverarbeitung reicht&#8220;][vc_column_text]Im Rahmen der Nutzung unserer Plattform finden keine Datentransfers irgendeiner Art in einen Drittstaat statt. Damit werden keine sog. zus\u00e4tzlichen Garantien gem. DSGVO ben\u00f6tigt. Eine einfache Vereinbarung zur Auftragsverarbeitung reicht aus. Und auch diese schlie\u00dfen Sie bereits durch unsere AGB mit ab, es entsteht also kein Aufwand f\u00fcr Sie.[\/vc_column_text][\/toggle][toggle color=&#8220;Default&#8220; title=&#8220;Keine Probleme mit Privacy Shield&#8220;][vc_column_text]Das liegt daran, dass die Datenschutzbeauftragten unserer Kunden unglaublich wenig Aufwand mit uns haben. Wir haben die DSGVO sozusagen im Blut und geben alles, damit nicht nur die Verarbeitungen so datenschutzfreundlich wie m\u00f6glich ablaufen, sondern auch das Vertragliche rund l\u00e4uft.[\/vc_column_text][vc_column_text]Das liegt daran, dass die Datenschutzbeauftragten unserer Kunden unglaublich wenig Aufwand mit uns haben. Wir haben die DSGVO sozusagen im Blut und geben alles, damit nicht nur die Verarbeitungen so datenschutzfreundlich wie m\u00f6glich ablaufen, sondern auch das Vertragliche rund l\u00e4uft.[\/vc_column_text][vc_column_text]Der Wegfall des Privacy Shield durch die Entscheidung des EuGH im Jahr 2020 machte von jetzt auf gleich unz\u00e4hlige Verarbeitungen unrechtm\u00e4\u00dfig und sorgte daf\u00fcr, dass hohe Aufw\u00e4nde im Rahmen von Risikobetrachtungen, Vertragsverhandlungen oder der Suche nach Alternativen getrieben werden mussten. Und das Privacy Shield war nicht das erste Mal, das so etwas passierte \u2013 im Jahr 2016 wurde bereits das Vorg\u00e4ngerabkommen zwischen USA und EU, das Safe Harbor Agreement, f\u00fcr ung\u00fcltig erkl\u00e4rt.[\/vc_column_text][\/toggle][\/toggles][\/vc_column][\/vc_row][vc_row type=&#8220;in_container&#8220; full_screen_row_position=&#8220;middle&#8220; column_margin=&#8220;default&#8220; column_direction=&#8220;default&#8220; column_direction_tablet=&#8220;default&#8220; column_direction_phone=&#8220;default&#8220; scene_position=&#8220;center&#8220; bottom_padding=&#8220;0&#8243; top_padding_phone=&#8220;30&#8243; text_color=&#8220;dark&#8220; text_align=&#8220;left&#8220; row_border_radius=&#8220;none&#8220; row_border_radius_applies=&#8220;bg&#8220; class=&#8220;c-tabs c-tabs&#8211;contact&#8220; overlay_strength=&#8220;0.3&#8243; gradient_direction=&#8220;left_to_right&#8220; shape_divider_position=&#8220;bottom&#8220; bg_image_animation=&#8220;none&#8220; shape_type=&#8220;&#8220;][vc_column column_padding=&#8220;no-extra-padding&#8220; column_padding_tablet=&#8220;inherit&#8220; column_padding_phone=&#8220;inherit&#8220; column_padding_position=&#8220;all&#8220; top_margin=&#8220;-90&#8243; top_margin_phone=&#8220;0&#8243; column_element_spacing=&#8220;default&#8220; background_color_opacity=&#8220;1&#8243; background_hover_color_opacity=&#8220;1&#8243; column_shadow=&#8220;none&#8220; column_border_radius=&#8220;none&#8220; column_link_target=&#8220;_self&#8220; gradient_direction=&#8220;left_to_right&#8220; overlay_strength=&#8220;0.3&#8243; width=&#8220;1\/1&#8243; tablet_width_inherit=&#8220;default&#8220; tablet_text_alignment=&#8220;default&#8220; phone_text_alignment=&#8220;default&#8220; bg_image_animation=&#8220;none&#8220; border_type=&#8220;simple&#8220; column_border_width=&#8220;none&#8220; column_border_style=&#8220;solid&#8220; offset=&#8220;vc_col-lg-offset-1 vc_col-lg-10&#8243;][vc_row_inner column_margin=&#8220;default&#8220; column_direction=&#8220;default&#8220; column_direction_tablet=&#8220;default&#8220; column_direction_phone=&#8220;default&#8220; bottom_padding=&#8220;15&#8243; text_align=&#8220;center&#8220;][vc_column_inner column_padding=&#8220;no-extra-padding&#8220; column_padding_tablet=&#8220;inherit&#8220; column_padding_phone=&#8220;inherit&#8220; column_padding_position=&#8220;all&#8220; column_element_spacing=&#8220;default&#8220; background_color_opacity=&#8220;1&#8243; background_hover_color_opacity=&#8220;1&#8243; column_shadow=&#8220;none&#8220; column_border_radius=&#8220;none&#8220; column_link_target=&#8220;_self&#8220; gradient_direction=&#8220;left_to_right&#8220; overlay_strength=&#8220;0.3&#8243; width=&#8220;1\/1&#8243; tablet_width_inherit=&#8220;default&#8220; bg_image_animation=&#8220;none&#8220; border_type=&#8220;simple&#8220; column_border_width=&#8220;none&#8220; column_border_style=&#8220;solid&#8220;][divider line_type=&#8220;No Line&#8220; custom_height=&#8220;60&#8243;][nectar_gradient_text heading_tag=&#8220;h2&#8243; color=&#8220;extra-color-gradient-1&#8243; gradient_direction=&#8220;horizontal&#8220; text=&#8220;Vereinbaren Sie einen Video-Termin&#8220;][vc_column_text]M\u00f6chten Sie mehr dar\u00fcber erfahren, wie Sie Ihre Dokumentenverarbeitung mit Hilfe von Deep OCR GDPR und Schrems 2 konform einsetzen k\u00f6nnen? Dann buchen Sie jetzt einen Termin mit unserem Experten![\/vc_column_text][vc_raw_html]JTNDJTIxLS0lMjBTdGFydCUyMG9mJTIwTWVldGluZ3MlMjBFbWJlZCUyMFNjcmlwdCUyMC0tJTNFJTBBJTNDZGl2JTIwY2xhc3MlM0QlMjJtZWV0aW5ncy1pZnJhbWUtY29udGFpbmVyJTIyJTIwZGF0YS1zcmMlM0QlMjJodHRwcyUzQSUyRiUyRm1lZXRpbmdzLmh1YnNwb3QuY29tJTJGY2hyaXN0b3BoZS1ob2NxdWV0JTNGZW1iZWQlM0R0cnVlJTIyJTNFJTNDJTJGZGl2JTNFJTBBJTNDc2NyaXB0JTIwdHlwZSUzRCUyMnRleHQlMkZqYXZhc2NyaXB0JTIyJTIwc3JjJTNEJTIyaHR0cHMlM0ElMkYlMkZzdGF0aWMuaHNhcHBzdGF0aWMubmV0JTJGTWVldGluZ3NFbWJlZCUyRmV4JTJGTWVldGluZ3NFbWJlZENvZGUuanMlMjIlM0UlM0MlMkZzY3JpcHQlM0UlMEElM0MlMjEtLSUyMEVuZCUyMG9mJTIwTWVldGluZ3MlMjBFbWJlZCUyMFNjcmlwdCUyMC0tJTNF[\/vc_raw_html][\/vc_column_inner][\/vc_row_inner][\/vc_column][\/vc_row][vc_row type=&#8220;in_container&#8220; full_screen_row_position=&#8220;middle&#8220; column_margin=&#8220;default&#8220; column_direction=&#8220;default&#8220; column_direction_tablet=&#8220;default&#8220; column_direction_phone=&#8220;default&#8220; scene_position=&#8220;center&#8220; top_padding=&#8220;0&#8243; bottom_padding=&#8220;0&#8243; left_padding_desktop=&#8220;0&#8243; right_padding_desktop=&#8220;0&#8243; top_padding_phone=&#8220;50&#8243; text_color=&#8220;dark&#8220; text_align=&#8220;left&#8220; row_border_radius=&#8220;none&#8220; row_border_radius_applies=&#8220;bg&#8220; overlay_strength=&#8220;0.3&#8243; gradient_direction=&#8220;left_to_right&#8220; shape_divider_position=&#8220;bottom&#8220; bg_image_animation=&#8220;none&#8220; shape_type=&#8220;&#8220;][vc_column column_padding=&#8220;padding-3-percent&#8220; column_padding_tablet=&#8220;padding-7-percent&#8220; column_padding_phone=&#8220;padding-5-percent&#8220; column_padding_position=&#8220;all&#8220; top_margin=&#8220;2%&#8220; bottom_margin=&#8220;5%&#8220; top_margin_tablet=&#8220;50&#8243; top_margin_phone=&#8220;50&#8243; column_element_spacing=&#8220;default&#8220; background_color_opacity=&#8220;1&#8243; background_hover_color_opacity=&#8220;1&#8243; column_shadow=&#8220;none&#8220; column_border_radius=&#8220;10px&#8220; column_link_target=&#8220;_blank&#8220; el_class=&#8220;c-link-box c-calculator__wrapper&#8220; enable_gradient=&#8220;true&#8220; color_overlay=&#8220;#3148c3&#8243; color_overlay_2=&#8220;#4fbfd5&#8243; gradient_direction=&#8220;left_to_right&#8220; overlay_strength=&#8220;1&#8243; width=&#8220;1\/1&#8243; tablet_width_inherit=&#8220;default&#8220; tablet_text_alignment=&#8220;default&#8220; phone_text_alignment=&#8220;default&#8220; bg_image_animation=&#8220;none&#8220; border_type=&#8220;simple&#8220; column_border_width=&#8220;none&#8220; offset=&#8220;vc_col-lg-offset-2 vc_col-lg-8 vc_col-md-offset-1 vc_col-md-10&#8243; column_link=&#8220;https:\/\/natif.ai\/de\/kontakt\/&#8220;][vc_custom_heading text=&#8220;Betreiben Sie sorgenfrei OCR! Buchen Sie noch heute einen Termin mit uns!&#8220; font_container=&#8220;tag:h2|text_align:left|color:%23ffffff|line_height:44px&#8220; use_theme_fonts=&#8220;yes&#8220; css=&#8220;.vc_custom_1658259325532{margin-bottom: 0px !important;border-bottom-width: 0px !important;padding-bottom: 0px !important;}&#8220;][nectar_icon icon_family=&#8220;linea&#8220; enable_animation=&#8220;true&#8220; animation_speed=&#8220;slow&#8220; icon_style=&#8220;default&#8220; icon_color_type=&#8220;color_scheme&#8220; icon_color=&#8220;white&#8220; icon_padding=&#8220;20px&#8220; icon_linea=&#8220;icon-arrows-circle-left&#8220;][\/vc_column][\/vc_row]\n","protected":false},"excerpt":{"rendered":"<p>[vc_row type=&#8220;full_width_background&#8220; full_screen_row_position=&#8220;middle&#8220; column_margin=&#8220;default&#8220; equal_height=&#8220;yes&#8220; content_placement=&#8220;middle&#8220; column_direction=&#8220;default&#8220; column_direction_tablet=&#8220;default&#8220; column_direction_phone=&#8220;default&#8220; bg_color=&#8220;#2c4a9a&#8220; scene_position=&#8220;center&#8220; top_padding=&#8220;170&#8243; bottom_padding=&#8220;150&#8243; top_padding_phone=&#8220;90&#8243; bottom_padding_phone=&#8220;90&#8243; text_color=&#8220;light&#8220; text_align=&#8220;left&#8220; row_border_radius=&#8220;none&#8220; row_border_radius_applies=&#8220;bg&#8220; enable_gradient=&#8220;true&#8220; color_overlay=&#8220;#3148c3&#8243; color_overlay_2=&#8220;#4fbfd5&#8243; overlay_strength=&#8220;1&#8243; gradient_direction=&#8220;left_to_right&#8220; shape_divider_position=&#8220;bottom&#8220;&#8230;<\/p>\n","protected":false},"author":2,"featured_media":0,"parent":0,"menu_order":0,"comment_status":"closed","ping_status":"closed","template":"","meta":{"content-type":"","inline_featured_image":false,"footnotes":""},"class_list":["post-1658","page","type-page","status-publish"],"acf":[],"_links":{"self":[{"href":"https:\/\/natifaiold.threeoax.com\/de\/wp-json\/wp\/v2\/pages\/1658","targetHints":{"allow":["GET"]}}],"collection":[{"href":"https:\/\/natifaiold.threeoax.com\/de\/wp-json\/wp\/v2\/pages"}],"about":[{"href":"https:\/\/natifaiold.threeoax.com\/de\/wp-json\/wp\/v2\/types\/page"}],"author":[{"embeddable":true,"href":"https:\/\/natifaiold.threeoax.com\/de\/wp-json\/wp\/v2\/users\/2"}],"replies":[{"embeddable":true,"href":"https:\/\/natifaiold.threeoax.com\/de\/wp-json\/wp\/v2\/comments?post=1658"}],"version-history":[{"count":11,"href":"https:\/\/natifaiold.threeoax.com\/de\/wp-json\/wp\/v2\/pages\/1658\/revisions"}],"predecessor-version":[{"id":1850,"href":"https:\/\/natifaiold.threeoax.com\/de\/wp-json\/wp\/v2\/pages\/1658\/revisions\/1850"}],"wp:attachment":[{"href":"https:\/\/natifaiold.threeoax.com\/de\/wp-json\/wp\/v2\/media?parent=1658"}],"curies":[{"name":"wp","href":"https:\/\/api.w.org\/{rel}","templated":true}]}}